{"id":4367,"date":"2018-01-07T22:36:36","date_gmt":"2018-01-07T22:36:36","guid":{"rendered":"http:\/\/www.ossandon.cl\/ger\/?page_id=4367"},"modified":"2024-05-16T14:38:49","modified_gmt":"2024-05-16T14:38:49","slug":"corporativa-fusiones-y-adquisiciones","status":"publish","type":"page","link":"https:\/\/www.ossandon.cl\/ger\/corporativa-fusiones-y-adquisiciones\/","title":{"rendered":"Corporativa, Fusiones y Adquisiciones"},"content":{"rendered":"<section class=\"l-section wpb_row height_huge with_img parallax_ver\"><div class=\"l-section-img\" role=\"img\" data-img-width=\"1536\" data-img-height=\"1024\" style=\"background-image: url(https:\/\/www.ossandon.cl\/ger\/wp-content\/uploads\/2018\/01\/corp.jpg);background-repeat: no-repeat;\"><\/div><div class=\"l-section-h i-cf\"><div class=\"g-cols vc_row via_grid cols_1 laptops-cols_inherit tablets-cols_inherit mobiles-cols_1 valign_top type_default stacking_default\"><div class=\"wpb_column vc_column_container\"><div class=\"vc_column-inner\"><div class=\"w-separator size_custom\" style=\"height:150px\"><\/div><\/div><\/div><\/div><\/div><\/section><section class=\"l-section wpb_row us_custom_e11ab399 height_small\"><div class=\"l-section-h i-cf\"><div class=\"g-cols vc_row via_grid cols_1 laptops-cols_inherit tablets-cols_inherit mobiles-cols_1 valign_top type_default stacking_default\"><div class=\"wpb_column vc_column_container us_custom_e11ab399\"><div class=\"vc_column-inner\"><div id=\"ultimate-heading-51969dd84946f4b2\" class=\"uvc-heading ult-adjust-bottom-margin ultimate-heading-51969dd84946f4b2 uvc-5771 \" data-hspacer=\"line_only\"  data-halign=\"left\" style=\"text-align:left\"><div class=\"uvc-main-heading ult-responsive\"  data-ultimate-target='.uvc-heading.ultimate-heading-51969dd84946f4b2 h2'  data-responsive-json-new='{\"font-size\":\"desktop:18px;\",\"line-height\":\"\"}' ><h2 style=\"font-family:&#039;Lora&#039;;font-style:italic;font-weight:normal;color:#e66900;\">CORPORATIVA, FUSIONES Y ADQUISICIONES<\/h2><\/div><div class=\"uvc-heading-spacer line_only\" style=\"margin-bottom:0px;height:2px;\"><span class=\"uvc-headings-line\" style=\"border-style:solid;border-bottom-width:2px;border-color:#e66900;width:autopx;\"><\/span><\/div><\/div><\/div><\/div><\/div><\/div><\/section><section class=\"l-section wpb_row us_custom_8d45c27c height_small\"><div class=\"l-section-h i-cf\"><div class=\"g-cols vc_row via_grid cols_custom laptops-cols_inherit tablets-cols_inherit mobiles-cols_1 valign_top type_default stacking_default\" style=\"--custom-columns:3fr 1.5fr 1.5fr \"><div class=\"wpb_column vc_column_container us_custom_8d45c27c\"><div class=\"vc_column-inner\"><div class=\"wpb_text_column\"><div class=\"wpb_wrapper\"><p class=\"p1\" style=\"text-align: justify;\"><span class=\"s1\">Nuestro estudio se especializa en prestar asesor\u00edas relacionadas al Derecho Corporativo, tales como fusiones y adquisiciones, redacci\u00f3n de actas, pactos de accionistas, emisi\u00f3n de bonos, oferta p\u00fablica de acciones, reprogramaci\u00f3n de pasivos, cr\u00e9ditos sindicados, franquicias, seguros, entre otras materias.<\/span><\/p>\n<\/div><\/div><\/div><\/div><div class=\"wpb_column vc_column_container us_custom_8d45c27c\"><div class=\"vc_column-inner\"><\/div><\/div><div class=\"wpb_column vc_column_container\"><div class=\"vc_column-inner\"><div class=\"wpb_text_column\"><div class=\"wpb_wrapper\"><p><span style=\"color: #e66900; font-family: Lora;\">Abogados a cargo:<\/span><\/p>\n<div class=\"cuadro-abogado\">Roberto Ossand\u00f3n I.<\/div>\n<div class=\"cuadro-abogado\">Marko J\u00fcrgensen K.<\/div>\n<div class=\"cuadro-abogado\">Josemar\u00eda Romero E.<\/div>\n<div class=\"cuadro-abogado\">Roberto Grant G.<\/div>\n<div class=\"cuadro-abogado\">Monserrat Alarc\u00f3n R.<\/div>\n<div class=\"cuadro-abogado\">Alvaro Bulnes L.<\/div>\n<div class=\"cuadro-abogado\">Cristobal Ross M.<\/div>\n<div class=\"cuadro-abogado\">Pablo Medina S.<\/div>\n<\/div><\/div><\/div><\/div><\/div><\/div><\/section>\n","protected":false},"excerpt":{"rendered":"CORPORATIVA, FUSIONES Y ADQUISICIONESNuestro estudio se especializa en prestar asesor\u00edas relacionadas al Derecho Corporativo, tales como fusiones y adquisiciones, redacci\u00f3n de actas, pactos de accionistas, emisi\u00f3n de bonos, oferta p\u00fablica de acciones, reprogramaci\u00f3n de pasivos, cr\u00e9ditos sindicados, franquicias, seguros, entre otras materias. Abogados a cargo: Roberto Ossand\u00f3n I. Marko J\u00fcrgensen K. Josemar\u00eda Romero E. Roberto...","protected":false},"author":1,"featured_media":0,"parent":0,"menu_order":0,"comment_status":"closed","ping_status":"closed","template":"","meta":{"footnotes":""},"_links":{"self":[{"href":"https:\/\/www.ossandon.cl\/ger\/wp-json\/wp\/v2\/pages\/4367"}],"collection":[{"href":"https:\/\/www.ossandon.cl\/ger\/wp-json\/wp\/v2\/pages"}],"about":[{"href":"https:\/\/www.ossandon.cl\/ger\/wp-json\/wp\/v2\/types\/page"}],"author":[{"embeddable":true,"href":"https:\/\/www.ossandon.cl\/ger\/wp-json\/wp\/v2\/users\/1"}],"replies":[{"embeddable":true,"href":"https:\/\/www.ossandon.cl\/ger\/wp-json\/wp\/v2\/comments?post=4367"}],"version-history":[{"count":17,"href":"https:\/\/www.ossandon.cl\/ger\/wp-json\/wp\/v2\/pages\/4367\/revisions"}],"predecessor-version":[{"id":4952,"href":"https:\/\/www.ossandon.cl\/ger\/wp-json\/wp\/v2\/pages\/4367\/revisions\/4952"}],"wp:attachment":[{"href":"https:\/\/www.ossandon.cl\/ger\/wp-json\/wp\/v2\/media?parent=4367"}],"curies":[{"name":"wp","href":"https:\/\/api.w.org\/{rel}","templated":true}]}}