{"id":30,"date":"2015-06-09T14:42:56","date_gmt":"2015-06-09T14:42:56","guid":{"rendered":"http:\/\/impreza4.us-themes.com\/?page_id=30"},"modified":"2024-05-16T14:38:31","modified_gmt":"2024-05-16T14:38:31","slug":"noticias-y-publicaciones","status":"publish","type":"page","link":"https:\/\/www.ossandon.cl\/ger\/noticias-y-publicaciones\/","title":{"rendered":"Noticias y Publicaciones"},"content":{"rendered":"<section class=\"l-section wpb_row height_huge with_img parallax_ver\"><div class=\"l-section-img\" role=\"img\" data-img-width=\"2250\" data-img-height=\"1500\" style=\"background-image: url(https:\/\/www.ossandon.cl\/ger\/wp-content\/uploads\/2015\/06\/pexels-photo-518543.jpg);\"><\/div><div class=\"l-section-h i-cf\"><div class=\"g-cols vc_row via_grid cols_1 laptops-cols_inherit tablets-cols_inherit mobiles-cols_1 valign_top type_default stacking_default\"><div class=\"wpb_column vc_column_container\"><div class=\"vc_column-inner\"><\/div><\/div><\/div><\/div><\/section><section class=\"l-section wpb_row height_small\"><div class=\"l-section-h i-cf\"><div class=\"g-cols vc_row via_grid cols_1 laptops-cols_inherit tablets-cols_inherit mobiles-cols_1 valign_top type_default stacking_default\"><div class=\"wpb_column vc_column_container\"><div class=\"vc_column-inner\"><div id=\"ultimate-heading-863969dd84253af6a\" class=\"uvc-heading ult-adjust-bottom-margin ultimate-heading-863969dd84253af6a uvc-4450 \" data-hspacer=\"line_only\"  data-halign=\"left\" style=\"text-align:left\"><div class=\"uvc-main-heading ult-responsive\"  data-ultimate-target='.uvc-heading.ultimate-heading-863969dd84253af6a h2'  data-responsive-json-new='{\"font-size\":\"desktop:18px;\",\"line-height\":\"\"}' ><h2 style=\"font-family:&#039;Lora&#039;;font-style:italic;font-weight:normal;color:#d76900;margin-bottom:10px;\">NOTICIAS Y PUBLICACIONES<\/h2><\/div><div class=\"uvc-heading-spacer line_only\" style=\"margin-bottom:10px;height:3px;\"><span class=\"uvc-headings-line\" style=\"border-style:solid;border-bottom-width:3px;border-color:#d76900;width:autopx;\"><\/span><\/div><\/div><\/div><\/div><\/div><\/div><\/section><section class=\"l-section wpb_row height_small\"><div class=\"l-section-h i-cf\"><div class=\"g-cols vc_row via_grid cols_1 laptops-cols_inherit tablets-cols_inherit mobiles-cols_1 valign_top type_default stacking_default\"><div class=\"wpb_column vc_column_container\"><div class=\"vc_column-inner\"><div class=\"w-grid type_grid layout_4835 cols_3\" id=\"us_grid_1\" style=\"--gap:5px;\" data-filterable=\"true\"><style>@media (max-width:1024px){#us_grid_1 .w-grid-item{width:50%}}@media (max-width:600px){#us_grid_1 .w-grid-list{margin:0}#us_grid_1 .w-grid-item{width:100%;padding:0;margin-bottom:var(--gap,0px)}}.layout_4835 .w-grid-item-h{}.layout_4835 .usg_post_image_1{margin-bottom:0.5rem!important}.layout_4835 .usg_post_title_1{font-size:1rem!important}<\/style><div class=\"w-grid-list\">\t<article class=\"w-grid-item size_1x1 post-1 post type-post status-publish format-standard hentry category-sin-categoria\" data-id=\"1\">\n\t\t<div class=\"w-grid-item-h\">\n\t\t\t\t\t\t<h2 class=\"w-post-elm post_title usg_post_title_1 entry-title color_link_inherit\"><a href=\"https:\/\/www.ossandon.cl\/ger\/en-materia-de-construccion-joaquin-montero-obtiene-favorable-fallo-en-la-corte-suprema-que-podria-sentar-precedentes-para-casos-similares-a-nivel-nacional\/\">En materia de construcci\u00f3n, Joaqu\u00edn Montero obtiene favorable fallo en la Corte Suprema que podr\u00eda sentar precedentes para casos similares a nivel nacional<\/a><\/h2>\t\t<\/div>\n\t\t\t<\/article>\n<\/div><div class=\"w-grid-preloader\">\t<div class=\"g-preloader type_5\">\n\t\t<div><\/div>\n\t<\/div>\n\t<\/div>\t<div class=\"w-grid-json hidden\" onclick='return {&quot;action&quot;:&quot;us_ajax_grid&quot;,&quot;infinite_scroll&quot;:0,&quot;max_num_pages&quot;:1,&quot;pagination&quot;:&quot;infinite&quot;,&quot;template_vars&quot;:{&quot;columns&quot;:&quot;3&quot;,&quot;exclude_items&quot;:&quot;none&quot;,&quot;img_size&quot;:&quot;us_600_600_crop&quot;,&quot;ignore_items_size&quot;:0,&quot;items_layout&quot;:&quot;4835&quot;,&quot;items_offset&quot;:&quot;1&quot;,&quot;load_animation&quot;:&quot;none&quot;,&quot;overriding_link&quot;:&quot;{\\&quot;url\\&quot;:\\&quot;\\&quot;}&quot;,&quot;post_id&quot;:0,&quot;query_args&quot;:{&quot;post_type&quot;:[&quot;post&quot;],&quot;post_status&quot;:[&quot;publish&quot;],&quot;posts_per_page&quot;:&quot;12&quot;},&quot;orderby_query_args&quot;:{&quot;orderby&quot;:{&quot;date&quot;:&quot;DESC&quot;}},&quot;type&quot;:&quot;grid&quot;,&quot;us_grid_post_type&quot;:&quot;post&quot;,&quot;us_grid_ajax_index&quot;:1,&quot;us_grid_filter_params&quot;:[],&quot;us_grid_index&quot;:1,&quot;page_args&quot;:[]}}'><\/div>\n\t<\/div><\/div><\/div><\/div><\/div><\/section>\n","protected":false},"excerpt":{"rendered":"Sentencia conden\u00f3 al organismo a pagar 36.120 UF: Fallo de Suprema a favor de constructora complicar\u00eda a otros litigios de los Serviu viernes, 09 de junio de 2017 M. Guti\u00e9rrez Econom\u00eda y Negocios El Mercurio Dictamen relacionado a cobros de boletas de garant\u00eda y solicitud de obras adicionales a firma espa\u00f1ola.\u00a0 Un fallo de la...","protected":false},"author":1,"featured_media":0,"parent":0,"menu_order":0,"comment_status":"closed","ping_status":"closed","template":"","meta":{"footnotes":""},"_links":{"self":[{"href":"https:\/\/www.ossandon.cl\/ger\/wp-json\/wp\/v2\/pages\/30"}],"collection":[{"href":"https:\/\/www.ossandon.cl\/ger\/wp-json\/wp\/v2\/pages"}],"about":[{"href":"https:\/\/www.ossandon.cl\/ger\/wp-json\/wp\/v2\/types\/page"}],"author":[{"embeddable":true,"href":"https:\/\/www.ossandon.cl\/ger\/wp-json\/wp\/v2\/users\/1"}],"replies":[{"embeddable":true,"href":"https:\/\/www.ossandon.cl\/ger\/wp-json\/wp\/v2\/comments?post=30"}],"version-history":[{"count":10,"href":"https:\/\/www.ossandon.cl\/ger\/wp-json\/wp\/v2\/pages\/30\/revisions"}],"predecessor-version":[{"id":4867,"href":"https:\/\/www.ossandon.cl\/ger\/wp-json\/wp\/v2\/pages\/30\/revisions\/4867"}],"wp:attachment":[{"href":"https:\/\/www.ossandon.cl\/ger\/wp-json\/wp\/v2\/media?parent=30"}],"curies":[{"name":"wp","href":"https:\/\/api.w.org\/{rel}","templated":true}]}}