{"id":4352,"date":"2018-01-07T22:19:37","date_gmt":"2018-01-07T22:19:37","guid":{"rendered":"http:\/\/www.ossandon.cl\/esp\/?page_id=4352"},"modified":"2024-05-13T19:47:33","modified_gmt":"2024-05-13T19:47:33","slug":"litigios-y-arbitrajes","status":"publish","type":"page","link":"https:\/\/www.ossandon.cl\/esp\/litigios-y-arbitrajes\/","title":{"rendered":"Litigios y Arbitrajes"},"content":{"rendered":"<section class=\"l-section wpb_row height_huge with_img parallax_ver parallaxdir_reversed\"><div class=\"l-section-img\" role=\"img\" data-img-width=\"2992\" data-img-height=\"1571\" style=\"background-image: url(https:\/\/www.ossandon.cl\/esp\/wp-content\/uploads\/2018\/01\/Litigios-y-Arbitrajes.jpg);background-repeat: no-repeat;\"><\/div><div class=\"l-section-h i-cf\"><div class=\"g-cols vc_row via_grid cols_1 laptops-cols_inherit tablets-cols_inherit mobiles-cols_1 valign_top type_default stacking_default\"><div class=\"wpb_column vc_column_container\"><div class=\"vc_column-inner\"><div class=\"w-separator size_custom\" style=\"height:150px\"><\/div><\/div><\/div><\/div><\/div><\/section><section class=\"l-section wpb_row us_custom_e11ab399 height_small\"><div class=\"l-section-h i-cf\"><div class=\"g-cols vc_row via_grid cols_1 laptops-cols_inherit tablets-cols_inherit mobiles-cols_1 valign_top type_default stacking_default\"><div class=\"wpb_column vc_column_container us_custom_e11ab399\"><div class=\"vc_column-inner\"><div id=\"ultimate-heading-112169fb7eef7c855\" class=\"uvc-heading ult-adjust-bottom-margin ultimate-heading-112169fb7eef7c855 uvc-5738 \" data-hspacer=\"line_only\"  data-halign=\"left\" style=\"text-align:left\"><div class=\"uvc-main-heading ult-responsive\"  data-ultimate-target='.uvc-heading.ultimate-heading-112169fb7eef7c855 h2'  data-responsive-json-new='{\"font-size\":\"desktop:18px;\",\"line-height\":\"\"}' ><h2 style=\"font-family:&#039;Lora&#039;;font-style:italic;font-weight:normal;color:#e66900;\">LITIGIOS Y ARBITRAJES<\/h2><\/div><div class=\"uvc-heading-spacer line_only\" style=\"margin-bottom:0px;height:2px;\"><span class=\"uvc-headings-line\" style=\"border-style:solid;border-bottom-width:2px;border-color:#e66900;width:autopx;\"><\/span><\/div><\/div><\/div><\/div><\/div><\/div><\/section><section class=\"l-section wpb_row us_custom_8d45c27c height_small\"><div class=\"l-section-h i-cf\"><div class=\"g-cols vc_row via_grid cols_custom laptops-cols_inherit tablets-cols_inherit mobiles-cols_1 valign_top type_default stacking_default\" style=\"--custom-columns:3fr 1.5fr 1.5fr \"><div class=\"wpb_column vc_column_container us_custom_8d45c27c\"><div class=\"vc_column-inner\"><div class=\"wpb_text_column\"><div class=\"wpb_wrapper\"><p class=\"p1\" style=\"text-align: justify;\"><span class=\"s1\">Nuestro estudio presta asesor\u00edas en gestiones judiciales contenciosas, administrativas y voluntarias ante los Tribunales Civiles de Justicia y Arbitrales. Asimismo, nos especializamos en juicios ordinarios declarativos de derechos, indemnizaci\u00f3n de perjuicios y litigios relacionados con el \u00e1rea inmobiliaria y de la construcci\u00f3n. Contamos a la vez con vasta experiencia en juicios ejecutivos, sumarios, particiones, y ejercicio de acciones especiales, tales como recursos de protecci\u00f3n y amparo econ\u00f3mico.<\/span><\/p>\n<\/div><\/div><\/div><\/div><div class=\"wpb_column vc_column_container us_custom_8d45c27c\"><div class=\"vc_column-inner\"><\/div><\/div><div class=\"wpb_column vc_column_container\"><div class=\"vc_column-inner\"><div class=\"wpb_text_column\"><div class=\"wpb_wrapper\"><p><span style=\"color: #e66900; font-family: Lora;\">Abogados a cargo:<\/span><\/p>\n<div class=\"cuadro-abogado\">Joaqu\u00edn Montero O.<\/div>\n<div class=\"cuadro-abogado\">Eduardo Spichiger B.<\/div>\n<div class=\"cuadro-abogado\">Viviana Brito C.<\/div>\n<div class=\"cuadro-abogado\">Alejandro Werlinger V.<\/div>\n<div class=\"cuadro-abogado\">Carlos Baeza L.<\/div>\n<\/div><\/div><\/div><\/div><\/div><\/div><\/section>\n","protected":false},"excerpt":{"rendered":"LITIGIOS Y ARBITRAJESNuestro estudio presta asesor\u00edas en gestiones judiciales contenciosas, administrativas y voluntarias ante los Tribunales Civiles de Justicia y Arbitrales. Asimismo, nos especializamos en juicios ordinarios declarativos de derechos, indemnizaci\u00f3n de perjuicios y litigios relacionados con el \u00e1rea inmobiliaria y de la construcci\u00f3n. Contamos a la vez con vasta experiencia en juicios ejecutivos, sumarios,...","protected":false},"author":1,"featured_media":0,"parent":0,"menu_order":0,"comment_status":"closed","ping_status":"closed","template":"","meta":{"footnotes":""},"_links":{"self":[{"href":"https:\/\/www.ossandon.cl\/esp\/wp-json\/wp\/v2\/pages\/4352"}],"collection":[{"href":"https:\/\/www.ossandon.cl\/esp\/wp-json\/wp\/v2\/pages"}],"about":[{"href":"https:\/\/www.ossandon.cl\/esp\/wp-json\/wp\/v2\/types\/page"}],"author":[{"embeddable":true,"href":"https:\/\/www.ossandon.cl\/esp\/wp-json\/wp\/v2\/users\/1"}],"replies":[{"embeddable":true,"href":"https:\/\/www.ossandon.cl\/esp\/wp-json\/wp\/v2\/comments?post=4352"}],"version-history":[{"count":13,"href":"https:\/\/www.ossandon.cl\/esp\/wp-json\/wp\/v2\/pages\/4352\/revisions"}],"predecessor-version":[{"id":5241,"href":"https:\/\/www.ossandon.cl\/esp\/wp-json\/wp\/v2\/pages\/4352\/revisions\/5241"}],"wp:attachment":[{"href":"https:\/\/www.ossandon.cl\/esp\/wp-json\/wp\/v2\/media?parent=4352"}],"curies":[{"name":"wp","href":"https:\/\/api.w.org\/{rel}","templated":true}]}}