{"id":4328,"date":"2018-01-07T21:40:12","date_gmt":"2018-01-07T21:40:12","guid":{"rendered":"http:\/\/www.ossandon.cl\/esp\/?page_id=4328"},"modified":"2024-05-13T19:47:33","modified_gmt":"2024-05-13T19:47:33","slug":"mineria","status":"publish","type":"page","link":"https:\/\/www.ossandon.cl\/esp\/mineria\/","title":{"rendered":"Energ\u00eda, Miner\u00eda y Recursos Naturales"},"content":{"rendered":"<section class=\"l-section wpb_row height_huge with_img parallax_ver parallaxdir_reversed\"><div class=\"l-section-img\" role=\"img\" data-img-width=\"2128\" data-img-height=\"663\" style=\"background-image: url(https:\/\/www.ossandon.cl\/esp\/wp-content\/uploads\/2018\/01\/Mineria2.jpg);background-repeat: no-repeat;\"><\/div><div class=\"l-section-h i-cf\"><div class=\"g-cols vc_row via_grid cols_1 laptops-cols_inherit tablets-cols_inherit mobiles-cols_1 valign_top type_default stacking_default\"><div class=\"wpb_column vc_column_container\"><div class=\"vc_column-inner\"><div class=\"w-separator size_custom\" style=\"height:150px\"><\/div><\/div><\/div><\/div><\/div><\/section><section class=\"l-section wpb_row us_custom_e11ab399 height_small\"><div class=\"l-section-h i-cf\"><div class=\"g-cols vc_row via_grid cols_1 laptops-cols_inherit tablets-cols_inherit mobiles-cols_1 valign_top type_default stacking_default\"><div class=\"wpb_column vc_column_container us_custom_e11ab399\"><div class=\"vc_column-inner\"><div id=\"ultimate-heading-201769ef7c09d0a62\" class=\"uvc-heading ult-adjust-bottom-margin ultimate-heading-201769ef7c09d0a62 uvc-7834 \" data-hspacer=\"line_only\"  data-halign=\"left\" style=\"text-align:left\"><div class=\"uvc-main-heading ult-responsive\"  data-ultimate-target='.uvc-heading.ultimate-heading-201769ef7c09d0a62 h2'  data-responsive-json-new='{\"font-size\":\"desktop:18px;\",\"line-height\":\"\"}' ><h2 style=\"font-family:&#039;Lora&#039;;font-style:italic;font-weight:normal;color:#e66900;\">ENERG\u00cdA, MINERIA Y RECURSOS NATURALES<\/h2><\/div><div class=\"uvc-heading-spacer line_only\" style=\"margin-bottom:0px;height:2px;\"><span class=\"uvc-headings-line\" style=\"border-style:solid;border-bottom-width:2px;border-color:#e66900;width:autopx;\"><\/span><\/div><\/div><\/div><\/div><\/div><\/div><\/section><section class=\"l-section wpb_row us_custom_8d45c27c height_small\"><div class=\"l-section-h i-cf\"><div class=\"g-cols vc_row via_grid cols_custom laptops-cols_inherit tablets-cols_inherit mobiles-cols_1 valign_top type_default stacking_default\" style=\"--custom-columns:3fr 1.5fr 1.5fr \"><div class=\"wpb_column vc_column_container us_custom_8d45c27c\"><div class=\"vc_column-inner\"><div class=\"wpb_text_column\"><div class=\"wpb_wrapper\"><p class=\"p1\" style=\"text-align: justify;\"><span class=\"s1\">Asesoramos a empresas nacionales y extranjeras en materias relacionadas a proyectos mineros en Chile, a fin de realizar adquisiciones de diversos tipos de propiedades mineras, financiamiento de proyectos, constituci\u00f3n de empresas mineras, cesiones de contrato, acuerdos de explotaci\u00f3n minera, adquisiciones de derechos de agua y en general todas las materias que impliquen una asesor\u00eda legal integral en materia minera y de recursos naturales.<\/span><\/p>\n<\/div><\/div><\/div><\/div><div class=\"wpb_column vc_column_container us_custom_8d45c27c\"><div class=\"vc_column-inner\"><\/div><\/div><div class=\"wpb_column vc_column_container\"><div class=\"vc_column-inner\"><div class=\"wpb_text_column\"><div class=\"wpb_wrapper\"><p><span style=\"color: #e66900; font-family: Lora;\">Abogados a cargo:<\/span><\/p>\n<div class=\"cuadro-abogado\">Joaqu\u00edn Montero O.<\/div>\n<div class=\"cuadro-abogado\">Paola Fritz T.<\/div>\n<div class=\"cuadro-abogado\">Alvaro Bulnes L.<\/div>\n<\/div><\/div><\/div><\/div><\/div><\/div><\/section>\n","protected":false},"excerpt":{"rendered":"ENERG\u00cdA, MINERIA Y RECURSOS NATURALESAsesoramos a empresas nacionales y extranjeras en materias relacionadas a proyectos mineros en Chile, a fin de realizar adquisiciones de diversos tipos de propiedades mineras, financiamiento de proyectos, constituci\u00f3n de empresas mineras, cesiones de contrato, acuerdos de explotaci\u00f3n minera, adquisiciones de derechos de agua y en general todas las materias que...","protected":false},"author":1,"featured_media":0,"parent":0,"menu_order":0,"comment_status":"closed","ping_status":"closed","template":"","meta":{"footnotes":""},"_links":{"self":[{"href":"https:\/\/www.ossandon.cl\/esp\/wp-json\/wp\/v2\/pages\/4328"}],"collection":[{"href":"https:\/\/www.ossandon.cl\/esp\/wp-json\/wp\/v2\/pages"}],"about":[{"href":"https:\/\/www.ossandon.cl\/esp\/wp-json\/wp\/v2\/types\/page"}],"author":[{"embeddable":true,"href":"https:\/\/www.ossandon.cl\/esp\/wp-json\/wp\/v2\/users\/1"}],"replies":[{"embeddable":true,"href":"https:\/\/www.ossandon.cl\/esp\/wp-json\/wp\/v2\/comments?post=4328"}],"version-history":[{"count":20,"href":"https:\/\/www.ossandon.cl\/esp\/wp-json\/wp\/v2\/pages\/4328\/revisions"}],"predecessor-version":[{"id":5238,"href":"https:\/\/www.ossandon.cl\/esp\/wp-json\/wp\/v2\/pages\/4328\/revisions\/5238"}],"wp:attachment":[{"href":"https:\/\/www.ossandon.cl\/esp\/wp-json\/wp\/v2\/media?parent=4328"}],"curies":[{"name":"wp","href":"https:\/\/api.w.org\/{rel}","templated":true}]}}