{"id":4291,"date":"2018-01-07T20:53:53","date_gmt":"2018-01-07T20:53:53","guid":{"rendered":"http:\/\/www.ossandon.cl\/esp\/?page_id=4291"},"modified":"2024-05-13T19:47:33","modified_gmt":"2024-05-13T19:47:33","slug":"inversion-extranjera","status":"publish","type":"page","link":"https:\/\/www.ossandon.cl\/esp\/inversion-extranjera\/","title":{"rendered":"Inversi\u00f3n Extranjera"},"content":{"rendered":"<section class=\"l-section wpb_row height_huge with_img parallax_ver\"><div class=\"l-section-img\" role=\"img\" data-img-width=\"1536\" data-img-height=\"1024\" style=\"background-image: url(https:\/\/www.ossandon.cl\/esp\/wp-content\/uploads\/2018\/01\/ext.jpg);background-repeat: no-repeat;\"><\/div><div class=\"l-section-h i-cf\"><div class=\"g-cols vc_row via_grid cols_1 laptops-cols_inherit tablets-cols_inherit mobiles-cols_1 valign_top type_default stacking_default\"><div class=\"wpb_column vc_column_container\"><div class=\"vc_column-inner\"><div class=\"w-separator size_custom\" style=\"height:150px\"><\/div><\/div><\/div><\/div><\/div><\/section><section class=\"l-section wpb_row us_custom_e11ab399 height_small\"><div class=\"l-section-h i-cf\"><div class=\"g-cols vc_row via_grid cols_1 laptops-cols_inherit tablets-cols_inherit mobiles-cols_1 valign_top type_default stacking_default\"><div class=\"wpb_column vc_column_container us_custom_e11ab399\"><div class=\"vc_column-inner\"><div id=\"ultimate-heading-199169ef78bc9a52f\" class=\"uvc-heading ult-adjust-bottom-margin ultimate-heading-199169ef78bc9a52f uvc-2688 \" data-hspacer=\"line_only\"  data-halign=\"left\" style=\"text-align:left\"><div class=\"uvc-main-heading ult-responsive\"  data-ultimate-target='.uvc-heading.ultimate-heading-199169ef78bc9a52f h2'  data-responsive-json-new='{\"font-size\":\"desktop:18px;\",\"line-height\":\"\"}' ><h2 style=\"font-family:&#039;Lora&#039;;font-style:italic;font-weight:normal;color:#e66900;\">INVERSI\u00d3N EXTRANJERA<\/h2><\/div><div class=\"uvc-heading-spacer line_only\" style=\"margin-bottom:0px;height:2px;\"><span class=\"uvc-headings-line\" style=\"border-style:solid;border-bottom-width:2px;border-color:#e66900;width:autopx;\"><\/span><\/div><\/div><\/div><\/div><\/div><\/div><\/section><section class=\"l-section wpb_row us_custom_8d45c27c height_small\"><div class=\"l-section-h i-cf\"><div class=\"g-cols vc_row via_grid cols_custom laptops-cols_inherit tablets-cols_inherit mobiles-cols_1 valign_top type_default stacking_default\" style=\"--custom-columns:3fr 1.5fr 1.5fr \"><div class=\"wpb_column vc_column_container us_custom_8d45c27c\"><div class=\"vc_column-inner\"><div class=\"wpb_text_column\"><div class=\"wpb_wrapper\"><p class=\"p1\" style=\"text-align: justify;\"><span class=\"s1\">Desde nuestra fundaci\u00f3n, uno de los focos de nuestro estudio ha sido la asesor\u00eda a personas y\/o empresas extranjeras interesadas en hacer negocios en Chile, tanto en la determinaci\u00f3n de la estructura legal y tributaria m\u00e1s adecuada y ventajosa para iniciar o continuar sus operaciones<span class=\"Apple-converted-space\">\u00a0 <\/span>en nuestro pa\u00eds, as\u00ed como tambi\u00e9n, en la aplicaci\u00f3n de tratados de libre comercio, eficiencia arancelaria, normas para evitar la doble tributaci\u00f3n, cr\u00e9ditos por impuestos pagados en el extranjero, solicitudes para registros obligatorios en Chile ante autoridades tributarias, tramitaci\u00f3n de solicitudes ante el Servicio de Impuestos Internos, Departamento de Extranjer\u00eda y Migraci\u00f3n (residencia, visas y asuntos relacionados), entre otras materias.<\/span><\/p>\n<\/div><\/div><\/div><\/div><div class=\"wpb_column vc_column_container us_custom_8d45c27c\"><div class=\"vc_column-inner\"><\/div><\/div><div class=\"wpb_column vc_column_container\"><div class=\"vc_column-inner\"><div class=\"wpb_text_column\"><div class=\"wpb_wrapper\"><p><span style=\"color: #e66900; font-family: Lora;\">Abogados a cargo:<\/span><\/p>\n<div class=\"cuadro-abogado\">Roberto Ossand\u00f3n I.<\/div>\n<div class=\"cuadro-abogado\">Marko J\u00fcrgensen K.<\/div>\n<div class=\"cuadro-abogado\">Josemar\u00eda Romero E.<\/div>\n<div class=\"cuadro-abogado\">Roberto Grant G.<\/div>\n<div class=\"cuadro-abogado\">Monserrat Alarc\u00f3n R.<\/div>\n<div class=\"cuadro-abogado\">Alvaro Bulnes L.<\/div>\n<div class=\"cuadro-abogado\">Cristobal Ross M.<\/div>\n<\/div><\/div><\/div><\/div><\/div><\/div><\/section>\n","protected":false},"excerpt":{"rendered":"INVERSI\u00d3N EXTRANJERADesde nuestra fundaci\u00f3n, uno de los focos de nuestro estudio ha sido la asesor\u00eda a personas y\/o empresas extranjeras interesadas en hacer negocios en Chile, tanto en la determinaci\u00f3n de la estructura legal y tributaria m\u00e1s adecuada y ventajosa para iniciar o continuar sus operaciones\u00a0 en nuestro pa\u00eds, as\u00ed como tambi\u00e9n, en la aplicaci\u00f3n...","protected":false},"author":1,"featured_media":0,"parent":0,"menu_order":0,"comment_status":"closed","ping_status":"closed","template":"","meta":{"footnotes":""},"_links":{"self":[{"href":"https:\/\/www.ossandon.cl\/esp\/wp-json\/wp\/v2\/pages\/4291"}],"collection":[{"href":"https:\/\/www.ossandon.cl\/esp\/wp-json\/wp\/v2\/pages"}],"about":[{"href":"https:\/\/www.ossandon.cl\/esp\/wp-json\/wp\/v2\/types\/page"}],"author":[{"embeddable":true,"href":"https:\/\/www.ossandon.cl\/esp\/wp-json\/wp\/v2\/users\/1"}],"replies":[{"embeddable":true,"href":"https:\/\/www.ossandon.cl\/esp\/wp-json\/wp\/v2\/comments?post=4291"}],"version-history":[{"count":34,"href":"https:\/\/www.ossandon.cl\/esp\/wp-json\/wp\/v2\/pages\/4291\/revisions"}],"predecessor-version":[{"id":5237,"href":"https:\/\/www.ossandon.cl\/esp\/wp-json\/wp\/v2\/pages\/4291\/revisions\/5237"}],"wp:attachment":[{"href":"https:\/\/www.ossandon.cl\/esp\/wp-json\/wp\/v2\/media?parent=4291"}],"curies":[{"name":"wp","href":"https:\/\/api.w.org\/{rel}","templated":true}]}}