{"id":5026,"date":"2024-02-16T20:57:52","date_gmt":"2024-02-16T20:57:52","guid":{"rendered":"https:\/\/www.ossandon.cl\/eng\/?page_id=5026"},"modified":"2024-05-13T22:57:46","modified_gmt":"2024-05-13T22:57:46","slug":"reconocimientos","status":"publish","type":"page","link":"https:\/\/www.ossandon.cl\/eng\/reconocimientos\/","title":{"rendered":"Reconocimientos"},"content":{"rendered":"<section class=\"l-section wpb_row height_small\"><div class=\"l-section-h i-cf\"><div class=\"g-cols vc_row via_grid cols_1 laptops-cols_inherit tablets-cols_inherit mobiles-cols_1 valign_top type_default stacking_default\"><div class=\"wpb_column vc_column_container\"><div class=\"vc_column-inner\"><div class=\"w-separator size_custom\" style=\"height:30PX\"><\/div><\/div><\/div><\/div><\/div><\/section><section class=\"l-section wpb_row height_small\"><div class=\"l-section-h i-cf\"><div class=\"g-cols vc_row via_grid cols_1 laptops-cols_inherit tablets-cols_inherit mobiles-cols_1 valign_top type_default stacking_default\"><div class=\"wpb_column vc_column_container\"><div class=\"vc_column-inner\"><div id=\"ultimate-heading-950369e38e96ccf06\" class=\"uvc-heading ult-adjust-bottom-margin ultimate-heading-950369e38e96ccf06 uvc-5219 \" data-hspacer=\"line_only\"  data-halign=\"left\" style=\"text-align:left\"><div class=\"uvc-main-heading ult-responsive\"  data-ultimate-target='.uvc-heading.ultimate-heading-950369e38e96ccf06 h2'  data-responsive-json-new='{\"font-size\":\"desktop:18px;\",\"line-height\":\"\"}' ><h2 style=\"font-family:&#039;Lora&#039;;font-style:italic;font-style:italic;font-weight:normal;color:#d76900;\">RECONOCIMIENTOS<\/h2><\/div><div class=\"uvc-heading-spacer line_only\" style=\"topheight:3px;\"><span class=\"uvc-headings-line\" style=\"border-style:solid;border-bottom-width:3px;border-color:#d76900;width:autopx;\"><\/span><\/div><\/div><\/div><\/div><\/div><\/div><\/section><section class=\"l-section wpb_row height_small\"><div class=\"l-section-h i-cf\"><div class=\"g-cols vc_row via_grid cols_1 laptops-cols_inherit tablets-cols_inherit mobiles-cols_1 valign_top type_default stacking_default\"><div class=\"wpb_column vc_column_container\"><div class=\"vc_column-inner\"><div class=\"wpb_text_column\"><div class=\"wpb_wrapper\"><p>Ossand\u00f3n Abogados y sus socios han sido reconocidos en los principales ranking legales internacionales, adem\u00e1s de forma parte de SCG LEGAL, una de las m\u00e1s importantes redes de oficinas de abogados del mundo.\u201d<\/p>\n<blockquote>\n<p><strong>\u2018Highly trustworthy\u2018<\/strong><\/p>\n<p>\u201cAbility to integrate the team with client executives and internal staff in a collaborative, participatory and creative manner \u2013 extraordinary ability to act quickly in the event of legal emergencies\u201d\u00a0<em><strong>LEGAL 500<\/strong><\/em><\/p>\n<\/blockquote>\n<div style=\"background: #fff; height: 200px; padding: 20px;\">\n<p><img loading=\"lazy\" decoding=\"async\" class=\"wp-image-5035 alignnone\" src=\"https:\/\/www.ossandon.cl\/esp\/wp-content\/uploads\/2024\/02\/logo.png\" alt=\"\" width=\"350\" height=\"65\" \/><\/p>\n<p><img loading=\"lazy\" decoding=\"async\" class=\"wp-image-5036 alignleft\" src=\"https:\/\/www.ossandon.cl\/esp\/wp-content\/uploads\/2024\/02\/mj-150x150.jpg\" alt=\"\" width=\"79\" height=\"60\" \/><img loading=\"lazy\" decoding=\"async\" class=\"wp-image-5037 alignleft\" src=\"https:\/\/www.ossandon.cl\/esp\/wp-content\/uploads\/2024\/02\/ll-150x150.jpg\" alt=\"\" width=\"60\" height=\"60\" \/><img loading=\"lazy\" decoding=\"async\" class=\"wp-image-5038 alignleft\" src=\"https:\/\/www.ossandon.cl\/esp\/wp-content\/uploads\/2024\/02\/Best-Lawyers-Firm-Logo-300x91.png\" alt=\"\" width=\"198\" height=\"60\" \/><img loading=\"lazy\" decoding=\"async\" class=\"alignnone wp-image-5053 alignleft\" src=\"https:\/\/www.ossandon.cl\/esp\/wp-content\/uploads\/2024\/02\/image002.png\" alt=\"\" width=\"41\" height=\"60\" \/><\/p>\n<\/div>\n<\/div><\/div><\/div><\/div><\/div><\/div><\/section>\n","protected":false},"excerpt":{"rendered":"RECONOCIMIENTOSOssand\u00f3n Abogados y sus socios han sido reconocidos en los principales ranking legales internacionales, adem\u00e1s de forma parte de SCG LEGAL, una de las m\u00e1s importantes redes de oficinas de abogados del mundo.\u201d \u2018Highly trustworthy\u2018 \u201cAbility to integrate the team with client executives and internal staff in a collaborative, participatory and creative manner \u2013 extraordinary...","protected":false},"author":1,"featured_media":0,"parent":0,"menu_order":0,"comment_status":"closed","ping_status":"closed","template":"","meta":{"footnotes":""},"_links":{"self":[{"href":"https:\/\/www.ossandon.cl\/eng\/wp-json\/wp\/v2\/pages\/5026"}],"collection":[{"href":"https:\/\/www.ossandon.cl\/eng\/wp-json\/wp\/v2\/pages"}],"about":[{"href":"https:\/\/www.ossandon.cl\/eng\/wp-json\/wp\/v2\/types\/page"}],"author":[{"embeddable":true,"href":"https:\/\/www.ossandon.cl\/eng\/wp-json\/wp\/v2\/users\/1"}],"replies":[{"embeddable":true,"href":"https:\/\/www.ossandon.cl\/eng\/wp-json\/wp\/v2\/comments?post=5026"}],"version-history":[{"count":2,"href":"https:\/\/www.ossandon.cl\/eng\/wp-json\/wp\/v2\/pages\/5026\/revisions"}],"predecessor-version":[{"id":5149,"href":"https:\/\/www.ossandon.cl\/eng\/wp-json\/wp\/v2\/pages\/5026\/revisions\/5149"}],"wp:attachment":[{"href":"https:\/\/www.ossandon.cl\/eng\/wp-json\/wp\/v2\/media?parent=5026"}],"curies":[{"name":"wp","href":"https:\/\/api.w.org\/{rel}","templated":true}]}}